{"id":5,"date":"2022-08-24T22:47:28","date_gmt":"2022-08-24T20:47:28","guid":{"rendered":"http:\/\/www.m-rolef.com\/?page_id=5"},"modified":"2026-03-06T20:48:11","modified_gmt":"2026-03-06T19:48:11","slug":"manfred-rolef-management-music-consulting","status":"publish","type":"page","link":"https:\/\/www.m-rolef.com\/","title":{"rendered":"Manfred Rolef \u2013 Management, Music &#038; Consulting"},"content":{"rendered":"\n<header class=\"container-fluid relative px-0 pt-6 d-none d-sm-block\">\n<div class=\"container pt-5 pb-5\">\n<div class=\"row px-3\">\n<div class=\"col-12 col-md-6 bg-white-transparent shadow border-radius border-white p-5\">\n<h1 class=\"mb-4 text-uppercase\">Management, Music &amp; Consulting<\/h1>\n<p class=\"big opacity-85 mb-4\">Manfred Rolef bietet umfassende und l\u00f6sungsorientierte Beratung bei allen Prozessen von Musik-Projekten f\u00fcr K\u00fcnstler und Firmen.<\/p>\n<\/div>\n<\/div>\n<\/div>\n<\/header>\n\n\n\n<div class=\"container-fluid px-0 pb-6 d-block d-sm-none\"><img decoding=\"async\" class=\"img-fluid\" style=\"padding-top: 74px;\" src=\"https:\/\/www.m-rolef.com\/img\/Manfred Header 2024.jpg\">\n<p>&nbsp;<\/p>\n<div class=\"container pt-6\">\n<div class=\"row\">\n<div class=\"col-12\">\n<h1 class=\"mb-4 text-uppercase\">Management, Music &amp; Consulting<\/h1>\n<p class=\"big opacity-85 mb-4\">Manfred Rolef bietet umfassende und l\u00f6sungsorientierte Beratung bei allen Prozessen von Musik-Projekten f\u00fcr K\u00fcnstler und Firmen.<\/p>\n<\/div>\n<\/div>\n<\/div>\n<\/div>\n\n\n\n<!-- Erfahrung -->\n<div id=\"about\" class=\"container-fluid bg-dark px-0 pt-6 pb-6\">\n    <div class=\"container\">\n        <div class=\"row\">\n            <div class=\"col-12\">\n                <h2 class=\"text-center text-white mb-4 mw mx-auto\">Drei\u00dfig Jahre Know-How in der deutschen Musikbranche<\/h2>\n                <p class=\"text-center text-white mb-4 mw mx-auto\">\n                    <span class=\"font-weight-bold\">Manfred Rolef<\/span> hat das Musik-Business von allen Seiten gesehen. \n                    Angefangen im Bereich Sales, \u00fcber Product-Management im Special-Marketing und Artist-Marketing, als \n                    Label-Head und Vice President bei EMI Music und Sony Music sowie als Label-Gr\u00fcnder von M STEHT F\u00dcR MUSIK.\n                <\/p>\n                <p class=\"text-center mb-5 mw mx-auto\">\n                    <a class=\"btn btn-primary text-white\" href=\"https:\/\/www.dropbox.com\/scl\/fi\/mw66c7uc4yffujj6quww3\/ABOUT-Manfred-Rolef-pdf.pdf?rlkey=osqgoixpbhq59dq3cp2iabtx4&#038;st=yvtn2eb9&#038;dl=0\" rel=\"noopener noreferrer\"> Berufsweg ansehen <\/a>\n                <\/p>\n                <figure class=\"text-center\">\n                    <img decoding=\"async\" src=\"https:\/\/www.m-rolef.com\/img\/imuc.png\" width=\"180\">\n                <\/figure>\n                <p class=\"text-center\"><\/p>\n            <\/div>\n        <\/div>\n    <\/div>\n<\/div>\n\n\n\n<div id=\"leistungen\" class=\"container-fluid bg-default px-0 pt-6 pb-6\">\n    <div class=\"container\">\n        <div class=\"row\">\n\n            <div class=\"col-12 mb-5\">\n                <h2 class=\"text-center primary-color mb-3\">Genau das richtige Netzwerk<\/h2>\n                <p class=\"text-center mw mx-auto\">\n                    Manfred Rolef leistet klassisches K\u00fcnstlermanagement und Projektmanagement sowie Consulting \n                    im Bereich Musikvermarktung von One-Artist, Compilation-Konzepten und Catalogue-Auswertung.\n                <\/p>\n            <\/div>\n\n            <div class=\"col-12 col-md-4 mb-5-xs\">\n                <div class=\"bg-white shadow border-radius border-white p-4 card\"><i class=\"icon mb-3 fas fa-paperclip\"><\/i>\n                    <p>&nbsp;<\/p>\n                    <h4 class=\"mb-3\">Management<\/h4>\n                    <p>\n                        Unterst\u00fctzung in allen Bereichen der Musikwertsch\u00f6pfungskette, bei Produktion und \n                        Vertrieb sowie bei Marketing- und Promotion-Konzepten.\n                    <\/p>\n                <\/div>\n            <\/div>\n\n            <div class=\"col-12 col-md-4 mb-5-xs\">\n                <div class=\"bg-white shadow border-radius border-white p-4 card\"><i class=\"icon mb-3 fab fa-itunes-note\"><\/i>\n                    <p>&nbsp;<\/p>\n                    <h4 class=\"mb-3\">Music<\/h4>\n                    <p>\n                        Zahlreiche Leistungen f\u00fcr Brands und K\u00fcnstler im Projekt- und Produktmanagement sowie in der Compilation- \n                        und Catalogue-Vermarktung.\n                    <\/p>\n                <\/div>\n            <\/div>\n\n            <div class=\"col-12 col-md-4\">\n                <div class=\"bg-white shadow border-radius border-white p-4 card\"><i class=\"icon mb-3 fas fa-lightbulb\"><\/i>\n                    <p>&nbsp;<\/p>\n                    <h4 class=\"mb-3\">Consulting<\/h4>\n                    <p>\n                        Wertvoller Input f\u00fcr Firmen und K\u00fcnstler aus dem langj\u00e4hrigen Erfahrungsschatz, \n                        dem bestehenden Branchen-Netzwerk und Branchenkenntnissen.\n                    <\/p>\n                <\/div>\n            <\/div>\n\n        <\/div>\n    <\/div>\n <\/div>\n\n\n\n<div id=\"kunden\" class=\"container-fluid bg-dark px-0 pt-6 pb-6\">\n    <div class=\"container\">\n        <div class=\"row justify-content-md-center mb-4\">\n            <div class=\"col-12\">\n                <h3 class=\"text-center text-white mb-5\">\n                    &#8222;Musik und K\u00fcnstler sind immer das Zentrum meiner Arbeit&#8220; \u2013 \n                    <i>Manfred Rolef<\/i>\n                <\/h3>\n            <\/div>\n            \n       \n            \n<div class=\"col-12 col-md-3 text-center\">\n                <figure><img decoding=\"async\" class=\"img-fluid rounded-circle\" style=\"max-width: 70%;\" src=\"https:\/\/www.m-rolef.com\/img\/NilsStrassburg quadrat.png\"><\/figure>\n                <h4 class=\"text-white font-weight-bold text-uppercase mb-0\" style=\"\">NILS STRASSBURG<\/h4>\n                <p class=\"text-white text-italic mb-4\" style=\"\">Management<\/p> \n            <\/div>\n\n            <div class=\"col-12 col-md-3 text-center\">\n                <figure><img decoding=\"async\" class=\"img-fluid rounded-circle\" style=\"max-width: 70%;\" src=\"https:\/\/www.m-rolef.com\/img\/knittler.png\"><\/figure>\n                <h4 class=\"text-white font-weight-bold text-uppercase mb-0\" style=\"\">STEFAN KNITTLER<\/h4>\n                <p class=\"text-white text-italic mb-4\" style=\"\">Management<\/p>\n            <\/div>\n            \n            <div class=\"col-12 col-md-3 text-center\">\n                <figure><img decoding=\"async\" class=\"img-fluid rounded-circle\" style=\"max-width: 70%;\" src=\"https:\/\/www.m-rolef.com\/img\/Holm.png\"><\/figure>\n                <h4 class=\"text-white font-weight-bold text-uppercase mb-0\" style=\"\">MICHAEL HOLM<\/h4>\n                <p class=\"text-white text-italic mb-4\" style=\"\">Beratung<\/p> \n            <\/div>\n\n<div class=\"col-12 col-md-3 text-center\">\n                <figure><img decoding=\"async\" class=\"img-fluid rounded-circle\" style=\"max-width: 70%;\" src=\"https:\/\/www.m-rolef.com\/img\/Gaensehaut 900.png\"><\/figure>\n                <h4 class=\"text-white font-weight-bold text-uppercase mb-0\" style=\"\">G\u00c4NSEHAUT<\/h4>\n                <p class=\"text-white text-italic mb-4\" style=\"\">Beratung<\/p> \n            <\/div>\n            \n        <\/div>\n\n\n\n<div class=\"row justify-content-md-center mb-4\">\n\n            \n            <div class=\"col-12 col-md-3 text-center\">\n                <figure><img decoding=\"async\" class=\"img-fluid rounded-circle\" style=\"max-width: 70%;\" src=\"https:\/\/www.m-rolef.com\/img\/motorres.png\"><\/figure>\n                <h4 class=\"text-white font-weight-bold text-uppercase mb-0\" style=\"\">MO-TORRES<\/h4>\n                <p class=\"text-white text-italic mb-4\" style=\"\">Beratung<\/p> \n            <\/div>\n\n            \n            <div class=\"col-12 col-md-3 text-center\">\n                <figure><img decoding=\"async\" class=\"img-fluid rounded-circle\" style=\"max-width: 70%;\" src=\"https:\/\/www.m-rolef.com\/img\/gaebel.png\"><\/figure>\n                <h4 class=\"text-white font-weight-bold text-uppercase mb-0\" style=\"\">TOM GAEBEL<\/h4>\n                <p class=\"text-white text-italic mb-4\" style=\"\">Management (2019-2025)<\/p>\n            <\/div>\n\n            \n            <div class=\"col-12 col-md-3 text-center\">\n                <figure><img decoding=\"async\" class=\"img-fluid rounded-circle\" style=\"max-width: 70%;\" src=\"https:\/\/www.m-rolef.com\/img\/bruehl.png\"><\/figure>\n                <h4 class=\"text-white font-weight-bold text-uppercase mb-0\" style=\"\">MICKY BR\u00dcHL<\/h4>\n                <p class=\"text-white text-italic mb-4\" style=\"\">Beratung<\/p> \n            <\/div>\n\n            \n            <div class=\"col-12 col-md-3 text-center\">\n                <figure><img decoding=\"async\" class=\"img-fluid rounded-circle\" style=\"max-width: 70%;\" src=\"https:\/\/www.m-rolef.com\/img\/koenig.png\"><\/figure>\n                <h4 class=\"text-white font-weight-bold text-uppercase mb-0\" style=\"\">KARL K\u00d6NIG<\/h4>\n                <p class=\"text-white text-italic mb-4\" style=\"\">Beratung<\/p> \n            <\/div>\n        <\/div>\n\n\n\n<div class=\"row justify-content-md-center mb-4\">\n            \n            <div class=\"col-12 col-md-3 text-center\">\n                <figure><img decoding=\"async\" class=\"img-fluid rounded-circle\" style=\"max-width: 70%;\" src=\"https:\/\/www.m-rolef.com\/img\/900x900_DOMST\u00fcRMER_Spotify_Rundprofil_2022.jpg\"><\/figure>\n                <h4 class=\"text-white font-weight-bold text-uppercase mb-0\" style=\"\">DOMST\u00dcRMER<\/h4>\n                <p class=\"text-white text-italic mb-4\" style=\"\">Beratung<\/p> \n            <\/div>\n            \n             <div class=\"col-12 col-md-3 text-center\">\n                <figure><img decoding=\"async\" class=\"img-fluid rounded-circle\" style=\"max-width: 70%;\" src=\"https:\/\/www.m-rolef.com\/img\/warner neu.png\"><\/figure>\n                <h4 class=\"text-white font-weight-bold text-uppercase mb-0\" style=\"\">WARNER MUSIC<\/h4>\n                <p class=\"text-white text-italic mb-4\" style=\"\">Beratung<\/p> \n            <\/div>\n            \n            <div class=\"col-12 col-md-3 text-center\">\n                <figure><img decoding=\"async\" class=\"img-fluid rounded-circle\" style=\"max-width: 70%;\" src=\"https:\/\/www.m-rolef.com\/img\/gassner.png\"><\/figure>\n                <h4 class=\"text-white font-weight-bold text-uppercase mb-0\" style=\"\">DOMINIK GASSNER<\/h4>\n                <p class=\"text-white text-italic mb-4\" style=\"\">Management<\/p>\n            <\/div>\n            \n            <div class=\"col-12 col-md-3 text-center\">\n                <figure><img decoding=\"async\" class=\"img-fluid rounded-circle\" style=\"max-width: 70%;\" src=\"https:\/\/www.m-rolef.com\/img\/klein.png\"><\/figure>\n                <h4 class=\"text-white font-weight-bold text-uppercase mb-0\" style=\"\">TORBEN KLEIN<\/h4>\n                <p class=\"text-white text-italic mb-4\" style=\"\">Management<\/p>   \n            <\/div>\n            \n            <div class=\"col-12 col-md-3 text-center\">\n                <figure><img decoding=\"async\" class=\"img-fluid rounded-circle\" style=\"max-width: 70%;\" src=\"https:\/\/www.m-rolef.com\/img\/deusche songs.png\"><\/figure>\n                <h4 class=\"text-white font-weight-bold text-uppercase mb-0\" style=\"\">JOLINA CARL<\/h4>\n                <p class=\"text-white text-italic mb-4\" style=\"\">Beratung<\/p> \n            <\/div>\n        \n<div class=\"col-12 col-md-3 text-center\">\n                <figure><img decoding=\"async\" class=\"img-fluid rounded-circle\" style=\"max-width: 70%;\" src=\"https:\/\/www.m-rolef.com\/img\/Sony.jpg\"><\/figure>\n                <h4 class=\"text-white font-weight-bold text-uppercase mb-0\" style=\"\">SONY MUSIC<\/h4>\n                <p class=\"text-white text-italic mb-4\" style=\"\">Beratung<\/p> \n            <\/div>\n\n\n <div class=\"col-12 col-md-3 text-center\">\n                <figure><img decoding=\"async\" class=\"img-fluid rounded-circle\" style=\"max-width: 70%;\" src=\"https:\/\/www.m-rolef.com\/img\/Msteht.png\"><\/figure>\n                <h4 class=\"text-white font-weight-bold text-uppercase mb-0\" style=\"\">M STEHT F\u00dcR MUSIK<\/h4>\n                <p class=\"text-white text-italic mb-4\" style=\"\">Label<\/p> \n            <\/div>\n\n <div class=\"col-12 col-md-3 text-center\">\n                <figure><img decoding=\"async\" class=\"img-fluid rounded-circle\" style=\"max-width: 70%;\" src=\"https:\/\/www.m-rolef.com\/img\/lostalbums.png\"><\/figure>\n                <h4 class=\"text-white font-weight-bold text-uppercase mb-0\" style=\"\">LOST ALBUMS<\/h4>\n                <p class=\"text-white text-italic mb-4\" style=\"\">Label<\/p> \n            <\/div>\n<\/div>\n    <\/div>\n<\/div>\n\n\n\n<div class=\"container-fluid bg-default px-0 pt-6 pb-6\">\n<div class=\"container\">\n<div class=\"row h-100\">\n<div class=\"col-12 col-md-6 my-auto mb-5-xs\">\n<h2 class=\"text-primary mb-1\">Mach den ersten Schritt<\/h2>\n<p>Ich helfe gerne weiter.<br>\n<a href=\"mailto:manfred@m-rolef.com?subject=Interesse Neues Management\">Schreib mir eine Mail.<\/a>\n<\/p>\n<\/div>\n<div class=\"col-12 col-md-6 my-auto\">&nbsp;<\/div>\n<\/div>\n<\/div>\n<\/div>\n","protected":false},"excerpt":{"rendered":"<p>Management, Music &amp; Consulting Manfred Rolef bietet umfassende und l\u00f6sungsorientierte Beratung bei allen Prozessen von Musik-Projekten f\u00fcr K\u00fcnstler und Firmen. &nbsp; Management, Music &amp; Consulting Manfred Rolef bietet umfassende und l\u00f6sungsorientierte Beratung bei allen Prozessen von Musik-Projekten f\u00fcr K\u00fcnstler und Firmen. Drei\u00dfig Jahre Know-How in der deutschen Musikbranche Manfred Rolef hat das Musik-Business von allen [&hellip;]<\/p>\n","protected":false},"author":1,"featured_media":0,"parent":0,"menu_order":0,"comment_status":"closed","ping_status":"closed","template":"","meta":{"footnotes":""},"class_list":["post-5","page","type-page","status-publish","hentry"],"_links":{"self":[{"href":"https:\/\/www.m-rolef.com\/index.php\/wp-json\/wp\/v2\/pages\/5","targetHints":{"allow":["GET"]}}],"collection":[{"href":"https:\/\/www.m-rolef.com\/index.php\/wp-json\/wp\/v2\/pages"}],"about":[{"href":"https:\/\/www.m-rolef.com\/index.php\/wp-json\/wp\/v2\/types\/page"}],"author":[{"embeddable":true,"href":"https:\/\/www.m-rolef.com\/index.php\/wp-json\/wp\/v2\/users\/1"}],"replies":[{"embeddable":true,"href":"https:\/\/www.m-rolef.com\/index.php\/wp-json\/wp\/v2\/comments?post=5"}],"version-history":[{"count":122,"href":"https:\/\/www.m-rolef.com\/index.php\/wp-json\/wp\/v2\/pages\/5\/revisions"}],"predecessor-version":[{"id":215,"href":"https:\/\/www.m-rolef.com\/index.php\/wp-json\/wp\/v2\/pages\/5\/revisions\/215"}],"wp:attachment":[{"href":"https:\/\/www.m-rolef.com\/index.php\/wp-json\/wp\/v2\/media?parent=5"}],"curies":[{"name":"wp","href":"https:\/\/api.w.org\/{rel}","templated":true}]}}